{"id":2067,"date":"2019-07-05T18:19:10","date_gmt":"2019-07-05T16:19:10","guid":{"rendered":"http:\/\/eventumhostess.com\/inicio\/"},"modified":"2025-10-01T17:00:12","modified_gmt":"2025-10-01T15:00:12","slug":"inicio","status":"publish","type":"page","link":"https:\/\/staff4events.es\/ca\/","title":{"rendered":"Inicio"},"content":{"rendered":"<div class=\"wpb-content-wrapper\"><p>[vc_row row_height_percent=&#8221;0&#8243; override_padding=&#8221;yes&#8221; h_padding=&#8221;2&#8243; top_padding=&#8221;5&#8243; bottom_padding=&#8221;5&#8243; overlay_alpha=&#8221;50&#8243; equal_height=&#8221;yes&#8221; gutter_size=&#8221;4&#8243; column_width_percent=&#8221;100&#8243; shift_y=&#8221;0&#8243; z_index=&#8221;0&#8243;][vc_column column_width_percent=&#8221;100&#8243; gutter_size=&#8221;3&#8243; overlay_alpha=&#8221;50&#8243; shift_x=&#8221;0&#8243; shift_y=&#8221;0&#8243; shift_y_down=&#8221;0&#8243; z_index=&#8221;0&#8243; medium_width=&#8221;4&#8243; mobile_width=&#8221;0&#8243; width=&#8221;1\/2&#8243; el_class=&#8221;inverted-device-order&#8221;][vc_single_image media=&#8221;952&#8243; media_width_percent=&#8221;100&#8243; media_ratio=&#8221;three-four&#8221; alignment=&#8221;center&#8221; shadow=&#8221;yes&#8221; shadow_weight=&#8221;std&#8221;][\/vc_column][vc_column column_width_percent=&#8221;100&#8243; position_horizontal=&#8221;left&#8221; position_vertical=&#8221;middle&#8221; gutter_size=&#8221;2&#8243; overlay_alpha=&#8221;50&#8243; shift_x=&#8221;0&#8243; shift_y=&#8221;0&#8243; shift_y_down=&#8221;0&#8243; z_index=&#8221;0&#8243; medium_width=&#8221;4&#8243; align_mobile=&#8221;align_center_mobile&#8221; mobile_width=&#8221;0&#8243; width=&#8221;1\/2&#8243;][vc_custom_heading text_color=&#8221;accent&#8221; heading_semantic=&#8221;h6&#8243; text_size=&#8221;&#8221; text_transform=&#8221;uppercase&#8221;]Nosaltres[\/vc_custom_heading][vc_custom_heading text_size=&#8221;&#8221; text_space=&#8221;fontspace-311962&#8243;]Seleccionem al teu equip[\/vc_custom_heading][vc_separator sep_color=&#8221;accent&#8221; el_width=&#8221;70px&#8221; el_height=&#8221;2px&#8221;][vc_column_text]Som una consultoria de RRHH especialitzada en la selecci\u00f3, contractaci\u00f3, supervisi\u00f3 i coordinaci\u00f3 de personal per a tot tipus d&#8217;esdeveniments.<br \/>\nOferim cobertura a tot Espanya amb personal propi (incloent Illes) i disposem de servei 24h\/7d pels nostres clients.[\/vc_column_text][vc_empty_space empty_h=&#8221;2&#8243;][vc_button button_color=&#8221;accent&#8221; radius=&#8221;btn-circle&#8221; border_width=&#8221;0&#8243; icon_position=&#8221;right&#8221; link=&#8221;url:https%3A%2F%2Fstaff4events.es%2Fca%2Fnosotros%2F|title:Nosotros&#8221; icon=&#8221;fa fa-arrow-right2&#8243; button_color_type=&#8221;uncode-palette&#8221; uncode_shortcode_id=&#8221;560046&#8243;]Saber m\u00e9s[\/vc_button][\/vc_column][\/vc_row][vc_row row_height_percent=&#8221;0&#8243; override_padding=&#8221;yes&#8221; h_padding=&#8221;2&#8243; top_padding=&#8221;3&#8243; bottom_padding=&#8221;5&#8243; overlay_alpha=&#8221;50&#8243; equal_height=&#8221;yes&#8221; gutter_size=&#8221;2&#8243; column_width_percent=&#8221;100&#8243; shift_y=&#8221;0&#8243; z_index=&#8221;0&#8243;][vc_column column_width_percent=&#8221;100&#8243; align_horizontal=&#8221;align_center&#8221; gutter_size=&#8221;2&#8243; overlay_alpha=&#8221;50&#8243; shift_x=&#8221;0&#8243; shift_y=&#8221;0&#8243; shift_y_down=&#8221;0&#8243; z_index=&#8221;0&#8243; medium_width=&#8221;0&#8243; mobile_width=&#8221;0&#8243; css_animation=&#8221;zoom-in&#8221; animation_delay=&#8221;200&#8243; width=&#8221;1\/3&#8243; el_class=&#8221;hover-box01&#8243; link_to=&#8221;url:http%3A%2F%2Feventumhostess.com%2Fpersonal-para-eventos%2F|title:Personal%20para%20eventos||&#8221;][vc_custom_heading text_color=&#8221;accent&#8221; heading_semantic=&#8221;h3&#8243; text_size=&#8221;fontsize-101735&#8243; sub_reduced=&#8221;yes&#8221;]01[\/vc_custom_heading][vc_custom_heading heading_semantic=&#8221;h3&#8243; text_size=&#8221;&#8221; text_space=&#8221;fontspace-311962&#8243;]Personal per<\/p>\n<p>esdeveniments[\/vc_custom_heading][vc_empty_space empty_h=&#8221;1&#8243;][vc_separator sep_color=&#8221;accent&#8221; el_width=&#8221;70px&#8221; el_height=&#8221;2px&#8221;][vc_column_text]Disposem d&#8217;un ampli perfil de candidats MICE a la nostra base de dades: Hostess@s de congressos, Hostess@s Transfer, conductors, etc.[\/vc_column_text][vc_empty_space empty_h=&#8221;1&#8243;][vc_button button_color=&#8221;accent&#8221; size=&#8221;btn-link&#8221; icon_position=&#8221;right&#8221; icon=&#8221;fa fa-arrow-right2&#8243; link=&#8221;url:http%3A%2F%2Feventumhostess.com%2Fca%2Fpersonal-para-eventos%2F|title:Personal%20para%20eventos||&#8221;]M\u00e9s informaci\u00f3[\/vc_button][\/vc_column][vc_column column_width_percent=&#8221;100&#8243; align_horizontal=&#8221;align_center&#8221; gutter_size=&#8221;2&#8243; overlay_alpha=&#8221;50&#8243; shift_x=&#8221;0&#8243; shift_y=&#8221;0&#8243; shift_y_down=&#8221;0&#8243; z_index=&#8221;0&#8243; medium_width=&#8221;0&#8243; mobile_width=&#8221;0&#8243; css_animation=&#8221;zoom-in&#8221; animation_delay=&#8221;400&#8243; width=&#8221;1\/3&#8243; el_class=&#8221;hover-box02&#8243; link_to=&#8221;url:http%3A%2F%2Feventumhostess.com%2Fstreet-marketing-staff%2F|title:Street%20Marketing%20Staff||&#8221;][vc_custom_heading text_color=&#8221;accent&#8221; heading_semantic=&#8221;h3&#8243; text_size=&#8221;fontsize-101735&#8243; sub_reduced=&#8221;yes&#8221;]02[\/vc_custom_heading][vc_custom_heading heading_semantic=&#8221;h3&#8243; text_size=&#8221;&#8221; text_space=&#8221;fontspace-311962&#8243;]Street Marketing<\/p>\n<p>Staff[\/vc_custom_heading][vc_empty_space empty_h=&#8221;1&#8243;][vc_separator sep_color=&#8221;accent&#8221; el_width=&#8221;70px&#8221; el_height=&#8221;2px&#8221;][vc_column_text]Oferim personal altament qualificat perqu\u00e8 la teva acci\u00f3 de m\u00e0rqueting estigui acompanyada dels millors professionals.[\/vc_column_text][vc_empty_space empty_h=&#8221;1&#8243;][vc_button button_color=&#8221;accent&#8221; size=&#8221;btn-link&#8221; icon_position=&#8221;right&#8221; icon=&#8221;fa fa-arrow-right2&#8243; link=&#8221;url:http%3A%2F%2Feventumhostess.com%2Fca%2Fstreet-marketing-staff%2F|title:Street%20Marketing%20Staff||&#8221;]M\u00e9s informaci\u00f3[\/vc_button][\/vc_column][vc_column column_width_percent=&#8221;100&#8243; align_horizontal=&#8221;align_center&#8221; gutter_size=&#8221;2&#8243; overlay_alpha=&#8221;50&#8243; shift_x=&#8221;0&#8243; shift_y=&#8221;0&#8243; shift_y_down=&#8221;0&#8243; z_index=&#8221;0&#8243; medium_width=&#8221;0&#8243; mobile_width=&#8221;0&#8243; css_animation=&#8221;zoom-in&#8221; animation_delay=&#8221;600&#8243; width=&#8221;1\/3&#8243; el_class=&#8221;hover-box03&#8243; link_to=&#8221;url:http%3A%2F%2Feventumhostess.com%2Fservicios-auxiliares%2F|title:Servicios%20Auxiliares||&#8221;][vc_custom_heading text_color=&#8221;accent&#8221; heading_semantic=&#8221;h3&#8243; text_size=&#8221;fontsize-101735&#8243; sub_reduced=&#8221;yes&#8221;]03[\/vc_custom_heading][vc_custom_heading heading_semantic=&#8221;h3&#8243; text_size=&#8221;&#8221; text_space=&#8221;fontspace-311962&#8243;]Serveis<\/p>\n<p>Auxiliars[\/vc_custom_heading][vc_empty_space empty_h=&#8221;1&#8243;][vc_separator sep_color=&#8221;accent&#8221; el_width=&#8221;70px&#8221; el_height=&#8221;2px&#8221;][vc_column_text]Servei d&#8217;outsourcing en selecci\u00f3 i externalitzaci\u00f3 de processos de negoci, serveis auxiliars i d&#8217;atenci\u00f3 al client.[\/vc_column_text][vc_empty_space empty_h=&#8221;1&#8243;][vc_button button_color=&#8221;accent&#8221; size=&#8221;btn-link&#8221; icon_position=&#8221;right&#8221; icon=&#8221;fa fa-arrow-right2&#8243; link=&#8221;url:http%3A%2F%2Feventumhostess.com%2Fca%2Fservicios-auxiliares%2F|title:Servicios%20Auxiliares||&#8221;]M\u00e9s informaci\u00f3[\/vc_button][\/vc_column][\/vc_row][vc_row row_height_percent=&#8221;0&#8243; override_padding=&#8221;yes&#8221; h_padding=&#8221;2&#8243; top_padding=&#8221;3&#8243; bottom_padding=&#8221;3&#8243; back_color=&#8221;accent&#8221; overlay_alpha=&#8221;50&#8243; gutter_size=&#8221;3&#8243; column_width_percent=&#8221;100&#8243; shift_y=&#8221;0&#8243; z_index=&#8221;0&#8243;][vc_column column_width_percent=&#8221;100&#8243; position_vertical=&#8221;middle&#8221; gutter_size=&#8221;3&#8243; style=&#8221;dark&#8221; overlay_alpha=&#8221;50&#8243; shift_x=&#8221;0&#8243; shift_y=&#8221;0&#8243; shift_y_down=&#8221;0&#8243; z_index=&#8221;0&#8243; medium_width=&#8221;0&#8243; align_mobile=&#8221;align_center_mobile&#8221; mobile_width=&#8221;0&#8243; width=&#8221;2\/3&#8243;][vc_custom_heading text_size=&#8221;&#8221; text_space=&#8221;fontspace-311962&#8243;]Demana&#8217;ns un pressupost ara[\/vc_custom_heading][\/vc_column][vc_column column_width_percent=&#8221;100&#8243; position_vertical=&#8221;middle&#8221; align_horizontal=&#8221;align_center&#8221; gutter_size=&#8221;3&#8243; style=&#8221;dark&#8221; overlay_alpha=&#8221;50&#8243; shift_x=&#8221;0&#8243; shift_y=&#8221;0&#8243; shift_y_down=&#8221;0&#8243; z_index=&#8221;0&#8243; medium_width=&#8221;0&#8243; align_mobile=&#8221;align_center_mobile&#8221; mobile_width=&#8221;0&#8243; width=&#8221;1\/3&#8243;][vc_button size=&#8221;btn-lg&#8221; radius=&#8221;btn-circle&#8221; text_skin=&#8221;yes&#8221; border_width=&#8221;0&#8243; icon_position=&#8221;right&#8221; link=&#8221;url:https%3A%2F%2Fstaff4events.es%2Fca%2Fcontacto%2F|title:Contacto&#8221; icon=&#8221;fa fa-arrow-right2&#8243; uncode_shortcode_id=&#8221;926571&#8243;]Demanar pressupost[\/vc_button][\/vc_column][\/vc_row][vc_row row_height_percent=&#8221;0&#8243; override_padding=&#8221;yes&#8221; h_padding=&#8221;2&#8243; top_padding=&#8221;5&#8243; bottom_padding=&#8221;2&#8243; back_color=&#8221;color-lxmt&#8221; overlay_alpha=&#8221;50&#8243; equal_height=&#8221;yes&#8221; gutter_size=&#8221;0&#8243; column_width_percent=&#8221;100&#8243; shift_y=&#8221;0&#8243; z_index=&#8221;0&#8243; row_name=&#8221;Portfolio&#8221;][vc_column column_width_percent=&#8221;100&#8243; position_horizontal=&#8221;left&#8221; gutter_size=&#8221;2&#8243; override_padding=&#8221;yes&#8221; column_padding=&#8221;0&#8243; overlay_alpha=&#8221;50&#8243; shift_x=&#8221;0&#8243; shift_y=&#8221;0&#8243; shift_y_down=&#8221;0&#8243; z_index=&#8221;0&#8243; medium_width=&#8221;0&#8243; align_mobile=&#8221;align_center_mobile&#8221; mobile_width=&#8221;0&#8243; width=&#8221;1\/2&#8243;][vc_custom_heading text_color=&#8221;accent&#8221; heading_semantic=&#8221;h6&#8243; text_size=&#8221;&#8221; text_transform=&#8221;uppercase&#8221;]Treballs[\/vc_custom_heading][vc_custom_heading text_size=&#8221;&#8221; text_space=&#8221;fontspace-311962&#8243; uncode_shortcode_id=&#8221;105955&#8243;]Aquests s\u00f3n alguns dels nostres treballs:[\/vc_custom_heading][vc_separator sep_color=&#8221;accent&#8221; el_width=&#8221;70px&#8221; el_height=&#8221;2px&#8221;][\/vc_column][vc_column width=&#8221;1\/2&#8243;][\/vc_column][\/vc_row][vc_row unlock_row_content=&#8221;yes&#8221; row_height_percent=&#8221;0&#8243; override_padding=&#8221;yes&#8221; h_padding=&#8221;2&#8243; top_padding=&#8221;2&#8243; bottom_padding=&#8221;3&#8243; back_color=&#8221;color-lxmt&#8221; overlay_alpha=&#8221;50&#8243; equal_height=&#8221;yes&#8221; gutter_size=&#8221;0&#8243; column_width_percent=&#8221;100&#8243; shift_y=&#8221;0&#8243; z_index=&#8221;0&#8243; row_name=&#8221;Portfolio&#8221;][vc_column column_width_percent=&#8221;100&#8243; align_horizontal=&#8221;align_center&#8221; gutter_size=&#8221;2&#8243; override_padding=&#8221;yes&#8221; column_padding=&#8221;0&#8243; overlay_alpha=&#8221;50&#8243; shift_x=&#8221;0&#8243; shift_y=&#8221;0&#8243; shift_y_down=&#8221;0&#8243; z_index=&#8221;0&#8243; medium_width=&#8221;0&#8243; mobile_width=&#8221;0&#8243; width=&#8221;1\/1&#8243;][uncode_index el_id=&#8221;index-4856112&#8243; loop=&#8221;size:7|order_by:menu_order|order:ASC|post_type:portfolio&#8221; style_preset=&#8221;metro&#8221; single_height_viewport=&#8221;yes&#8221; screen_lg=&#8221;1000&#8243; screen_md=&#8221;600&#8243; screen_sm=&#8221;480&#8243; gutter_size=&#8221;2&#8243; portfolio_items=&#8221;media|featured|onpost|original,title,category&#8221; single_text=&#8221;overlay&#8221; single_width=&#8221;3&#8243; single_fluid_height=&#8221;75&#8243; single_overlay_color=&#8221;color-184089&#8243; single_overlay_coloration=&#8221;bottom_gradient&#8221; single_overlay_opacity=&#8221;40&#8243; single_overlay_visible=&#8221;yes&#8221; single_overlay_anim=&#8221;no&#8221; single_text_visible=&#8221;yes&#8221; single_text_anim=&#8221;no&#8221; single_v_position=&#8221;bottom&#8221; single_reduced=&#8221;three_quarter&#8221; single_reduced_mobile=&#8221;yes&#8221; single_padding=&#8221;2&#8243; single_text_reduced=&#8221;yes&#8221; single_title_dimension=&#8221;h3&#8243; single_border=&#8221;yes&#8221; single_css_animation=&#8221;bottom-t-top&#8221; single_animation_delay=&#8221;200&#8243; post_matrix=&#8221;matrix&#8221; matrix_amount=&#8221;6&#8243; acme_product_items=&#8221;&#8221; matrix_items=&#8221;eyIwX2kiOnsic2luZ2xlX3dpZHRoIjoiOCIsInNpbmdsZV9mbHVpZF9oZWlnaHQiOiI3NSIsInNpbmdsZV90aXRsZV9kaW1lbnNpb24iOiJoMyJ9LCI1X2kiOnsic2luZ2xlX2ZsdWlkX2hlaWdodCI6Ijc1Iiwic2luZ2xlX3dpZHRoIjoiNCJ9LCIxX2kiOnsic2luZ2xlX3dpZHRoIjoiNCJ9LCIyX2kiOnsic2luZ2xlX3dpZHRoIjoiNCJ9LCIzX2kiOnsic2luZ2xlX3dpZHRoIjoiNCJ9LCI0X2kiOnsic2luZ2xlX3dpZHRoIjoiNCJ9fQ==&#8221;][vc_empty_space empty_h=&#8221;2&#8243;][vc_button button_color=&#8221;accent&#8221; size=&#8221;btn-lg&#8221; radius=&#8221;btn-circle&#8221; border_width=&#8221;0&#8243; icon_position=&#8221;right&#8221; link=&#8221;url:https%3A%2F%2Fstaff4events.es%2Fca%2Ftrabajos%2F|title:Nosotros&#8221; icon=&#8221;fa fa-arrow-right2&#8243; button_color_type=&#8221;uncode-palette&#8221; uncode_shortcode_id=&#8221;895344&#8243;]Veure m\u00e9s[\/vc_button][\/vc_column][\/vc_row][vc_row row_height_percent=&#8221;0&#8243; override_padding=&#8221;yes&#8221; h_padding=&#8221;2&#8243; top_padding=&#8221;5&#8243; bottom_padding=&#8221;2&#8243; overlay_alpha=&#8221;50&#8243; equal_height=&#8221;yes&#8221; gutter_size=&#8221;4&#8243; column_width_percent=&#8221;100&#8243; shift_y=&#8221;0&#8243; z_index=&#8221;0&#8243;][vc_column column_width_percent=&#8221;100&#8243; position_horizontal=&#8221;left&#8221; position_vertical=&#8221;middle&#8221; gutter_size=&#8221;2&#8243; overlay_alpha=&#8221;50&#8243; shift_x=&#8221;0&#8243; shift_y=&#8221;0&#8243; shift_y_down=&#8221;0&#8243; z_index=&#8221;0&#8243; medium_width=&#8221;4&#8243; align_mobile=&#8221;align_center_mobile&#8221; mobile_width=&#8221;0&#8243; width=&#8221;1\/2&#8243;][vc_custom_heading text_color=&#8221;accent&#8221; heading_semantic=&#8221;h6&#8243; text_size=&#8221;&#8221; text_transform=&#8221;uppercase&#8221;]N\u00fameros[\/vc_custom_heading][vc_custom_heading text_size=&#8221;&#8221; text_space=&#8221;fontspace-311962&#8243;]Estem sempre llestos per al repte[\/vc_custom_heading][vc_separator sep_color=&#8221;accent&#8221; el_width=&#8221;70px&#8221; el_height=&#8221;2px&#8221;][\/vc_column][vc_column column_width_percent=&#8221;100&#8243; gutter_size=&#8221;3&#8243; overlay_alpha=&#8221;50&#8243; shift_x=&#8221;0&#8243; shift_y=&#8221;0&#8243; shift_y_down=&#8221;0&#8243; z_index=&#8221;0&#8243; medium_width=&#8221;0&#8243; align_mobile=&#8221;align_center_mobile&#8221; mobile_width=&#8221;0&#8243; width=&#8221;1\/2&#8243;][vc_empty_space empty_h=&#8221;1&#8243; mobile_visibility=&#8221;yes&#8221;][vc_empty_space empty_h=&#8221;0&#8243; mobile_visibility=&#8221;yes&#8221;][vc_column_text]Som una consultoria de RRHH especialitzada en la selecci\u00f3, contractaci\u00f3, supervisi\u00f3 i coordinaci\u00f3 de personal per a tota mena d&#8217;esdeveniments.<br \/>\nOferim cobertura en tota Espanya (Illes Incloses) i disposem de servei 24h\/7d per als nostres clients.[\/vc_column_text][\/vc_column][\/vc_row][vc_row row_height_percent=&#8221;0&#8243; override_padding=&#8221;yes&#8221; h_padding=&#8221;2&#8243; top_padding=&#8221;2&#8243; bottom_padding=&#8221;5&#8243; overlay_alpha=&#8221;50&#8243; equal_height=&#8221;yes&#8221; gutter_size=&#8221;4&#8243; column_width_percent=&#8221;100&#8243; shift_y=&#8221;0&#8243; z_index=&#8221;0&#8243;][vc_column column_width_percent=&#8221;100&#8243; align_horizontal=&#8221;align_center&#8221; gutter_size=&#8221;2&#8243; overlay_alpha=&#8221;50&#8243; shift_x=&#8221;0&#8243; shift_y=&#8221;0&#8243; shift_y_down=&#8221;0&#8243; z_index=&#8221;0&#8243; medium_width=&#8221;0&#8243; mobile_width=&#8221;0&#8243; css_animation=&#8221;zoom-in&#8221; animation_delay=&#8221;200&#8243; width=&#8221;3\/12&#8243;][vc_icon icon_image=&#8221;2073&#8243; icon_color=&#8221;accent&#8221; text_reduced=&#8221;yes&#8221; title=&#8221;Servei a tota Espanya&#8221;][\/vc_icon][\/vc_column][vc_column column_width_percent=&#8221;100&#8243; align_horizontal=&#8221;align_center&#8221; gutter_size=&#8221;2&#8243; overlay_alpha=&#8221;50&#8243; shift_x=&#8221;0&#8243; shift_y=&#8221;0&#8243; shift_y_down=&#8221;0&#8243; z_index=&#8221;0&#8243; medium_width=&#8221;0&#8243; mobile_width=&#8221;0&#8243; css_animation=&#8221;zoom-in&#8221; animation_delay=&#8221;400&#8243; width=&#8221;3\/12&#8243; el_class=&#8221;inverted-device-order&#8221;][vc_icon icon_image=&#8221;455&#8243; icon_color=&#8221;accent&#8221; text_reduced=&#8221;yes&#8221; title=&#8221;20 anys d&#8217;experi\u00e8ncia&#8221;][\/vc_icon][\/vc_column][vc_column column_width_percent=&#8221;100&#8243; align_horizontal=&#8221;align_center&#8221; gutter_size=&#8221;3&#8243; overlay_alpha=&#8221;50&#8243; shift_x=&#8221;0&#8243; shift_y=&#8221;0&#8243; shift_y_down=&#8221;0&#8243; z_index=&#8221;0&#8243; medium_width=&#8221;0&#8243; mobile_width=&#8221;0&#8243; css_animation=&#8221;zoom-in&#8221; animation_delay=&#8221;600&#8243; width=&#8221;3\/12&#8243;][vc_icon icon_image=&#8221;457&#8243; icon_color=&#8221;accent&#8221; text_reduced=&#8221;yes&#8221; title=&#8221;Personal multiling\u00fce&#8221;][\/vc_icon][\/vc_column][vc_column column_width_percent=&#8221;100&#8243; align_horizontal=&#8221;align_center&#8221; gutter_size=&#8221;3&#8243; overlay_alpha=&#8221;50&#8243; shift_x=&#8221;0&#8243; shift_y=&#8221;0&#8243; shift_y_down=&#8221;0&#8243; z_index=&#8221;0&#8243; medium_width=&#8221;0&#8243; mobile_width=&#8221;0&#8243; css_animation=&#8221;zoom-in&#8221; animation_delay=&#8221;800&#8243; width=&#8221;3\/12&#8243;][vc_icon icon_image=&#8221;458&#8243; icon_color=&#8221;accent&#8221; text_reduced=&#8221;yes&#8221; title=&#8221;+ de 5.000 persones a la teva disposici\u00f3&#8221;][\/vc_icon][\/vc_column][\/vc_row][vc_row row_height_percent=&#8221;0&#8243; overlay_alpha=&#8221;50&#8243; gutter_size=&#8221;3&#8243; column_width_percent=&#8221;100&#8243; shift_y=&#8221;0&#8243; z_index=&#8221;0&#8243;][vc_column width=&#8221;1\/1&#8243;][uncode_block id=&#8221;2064&#8243;][\/vc_column][\/vc_row]<\/p>\n<\/div>","protected":false},"excerpt":{"rendered":"<p>[vc_row row_height_percent=&#8221;0&#8243; override_padding=&#8221;yes&#8221; h_padding=&#8221;2&#8243; top_padding=&#8221;5&#8243; bottom_padding=&#8221;5&#8243; overlay_alpha=&#8221;50&#8243; equal_height=&#8221;yes&#8221; gutter_size=&#8221;4&#8243; column_width_percent=&#8221;100&#8243; shift_y=&#8221;0&#8243; z_index=&#8221;0&#8243;][vc_column column_width_percent=&#8221;100&#8243; gutter_size=&#8221;3&#8243; overlay_alpha=&#8221;50&#8243; shift_x=&#8221;0&#8243; shift_y=&#8221;0&#8243; shift_y_down=&#8221;0&#8243; z_index=&#8221;0&#8243; medium_width=&#8221;4&#8243; [&hellip;]<\/p>\n","protected":false},"author":2,"featured_media":0,"parent":0,"menu_order":2,"comment_status":"closed","ping_status":"closed","template":"","meta":{"footnotes":""},"class_list":["post-2067","page","type-page","status-publish","hentry"],"_links":{"self":[{"href":"https:\/\/staff4events.es\/ca\/wp-json\/wp\/v2\/pages\/2067","targetHints":{"allow":["GET"]}}],"collection":[{"href":"https:\/\/staff4events.es\/ca\/wp-json\/wp\/v2\/pages"}],"about":[{"href":"https:\/\/staff4events.es\/ca\/wp-json\/wp\/v2\/types\/page"}],"author":[{"embeddable":true,"href":"https:\/\/staff4events.es\/ca\/wp-json\/wp\/v2\/users\/2"}],"replies":[{"embeddable":true,"href":"https:\/\/staff4events.es\/ca\/wp-json\/wp\/v2\/comments?post=2067"}],"version-history":[{"count":3,"href":"https:\/\/staff4events.es\/ca\/wp-json\/wp\/v2\/pages\/2067\/revisions"}],"predecessor-version":[{"id":5394,"href":"https:\/\/staff4events.es\/ca\/wp-json\/wp\/v2\/pages\/2067\/revisions\/5394"}],"wp:attachment":[{"href":"https:\/\/staff4events.es\/ca\/wp-json\/wp\/v2\/media?parent=2067"}],"curies":[{"name":"wp","href":"https:\/\/api.w.org\/{rel}","templated":true}]}}